{"id":1560,"date":"2023-04-11T17:06:56","date_gmt":"2023-04-11T15:06:56","guid":{"rendered":"http:\/\/abbys-hotel.com\/tarifs\/"},"modified":"2025-12-11T11:28:41","modified_gmt":"2025-12-11T10:28:41","slug":"precios","status":"publish","type":"page","link":"https:\/\/abbys-hotel.com\/es\/precios\/","title":{"rendered":"Precios"},"content":{"rendered":"\n<style type=\"text\/css\" data-created_by=\"avia_inline_auto\" id=\"style-css-av-7e2pak-3fef0117b2176d2fe46c41c21d46a517\">\n.avia-section.av-7e2pak-3fef0117b2176d2fe46c41c21d46a517{\nbackground-color:#f5f5f5;\nbackground-image:unset;\n}\n<\/style>\n<div id='av_section_1'  class='avia-section av-7e2pak-3fef0117b2176d2fe46c41c21d46a517 main_color avia-section-default avia-no-border-styling  avia-builder-el-0  avia-builder-el-no-sibling  avia-bg-style-scroll container_wrap sidebar_right'  ><div class='container av-section-cont-open' ><main  role=\"main\" itemprop=\"mainContentOfPage\"  class='template-page content  av-content-small alpha units'><div class='post-entry post-entry-type-page post-entry-1560'><div class='entry-content-wrapper clearfix'>\n\n<style type=\"text\/css\" data-created_by=\"avia_inline_auto\" id=\"style-css-av-lbupg-730b4858d563e35df3ae546b70da72f7\">\n.flex_column.av-lbupg-730b4858d563e35df3ae546b70da72f7{\nborder-radius:0px 0px 0px 0px;\npadding:0px 0px 0px 0px;\n}\n<\/style>\n<div  class='flex_column av-lbupg-730b4858d563e35df3ae546b70da72f7 av_one_full  avia-builder-el-1  el_before_av_one_full  avia-builder-el-first  first flex_column_div av-animated-generic bottom-to-top av-zero-column-padding  '     ><p>\n<style type=\"text\/css\" data-created_by=\"avia_inline_auto\" id=\"style-css-av-efhck-9b5288d15dae40c59fd7534100aacd73\">\n#top .av-special-heading.av-efhck-9b5288d15dae40c59fd7534100aacd73{\nmargin:0 0 0 0;\npadding-bottom:0;\nfont-size:36px;\n}\nbody .av-special-heading.av-efhck-9b5288d15dae40c59fd7534100aacd73 .av-special-heading-tag .heading-char{\nfont-size:25px;\n}\n#top #wrap_all .av-special-heading.av-efhck-9b5288d15dae40c59fd7534100aacd73 .av-special-heading-tag{\nfont-size:36px;\npadding:0 0 0 0;\n}\n.av-special-heading.av-efhck-9b5288d15dae40c59fd7534100aacd73 .av-subheading{\nfont-size:19px;\n}\n\n@media only screen and (min-width: 480px) and (max-width: 767px){ \n#top #wrap_all .av-special-heading.av-efhck-9b5288d15dae40c59fd7534100aacd73 .av-special-heading-tag{\nfont-size:0.8em;\n}\n}\n\n@media only screen and (max-width: 479px){ \n#top #wrap_all .av-special-heading.av-efhck-9b5288d15dae40c59fd7534100aacd73 .av-special-heading-tag{\nfont-size:0.8em;\n}\n}\n<\/style>\n<div  class='av-special-heading av-efhck-9b5288d15dae40c59fd7534100aacd73 av-special-heading-h3 blockquote modern-quote modern-centered  avia-builder-el-2  el_before_av_hr  avia-builder-el-first  av-inherit-size'><h3 class='av-special-heading-tag '  itemprop=\"headline\"  >Precios para 2026 \u2013 IVA incluido<\/h3><div class=\"special-heading-border\"><div class=\"special-heading-inner-border\"><\/div><\/div><\/div><br \/>\n\n<style type=\"text\/css\" data-created_by=\"avia_inline_auto\" id=\"style-css-av-lg6ekezq-2aad43d5ce9aec09b227ed5f0e694eb6\">\n#top .hr.av-lg6ekezq-2aad43d5ce9aec09b227ed5f0e694eb6{\nmargin-top:0px;\nmargin-bottom:30px;\n}\n.hr.av-lg6ekezq-2aad43d5ce9aec09b227ed5f0e694eb6 .hr-inner{\nwidth:380px;\nborder-color:#b51917;\n}\n<\/style>\n<div  class='hr av-lg6ekezq-2aad43d5ce9aec09b227ed5f0e694eb6 hr-custom  avia-builder-el-3  el_after_av_heading  avia-builder-el-last  hr-center hr-icon-no'><span class='hr-inner inner-border-av-border-thin'><span class=\"hr-inner-style\"><\/span><\/span><\/div><\/p><\/div><div class='flex_column_table av-4wrkp0-ba749090f3cbfb147d66f24780675028 sc-av_one_full av-equal-height-column-flextable'>\n<style type=\"text\/css\" data-created_by=\"avia_inline_auto\" id=\"style-css-av-4wrkp0-ba749090f3cbfb147d66f24780675028\">\n#top .flex_column_table.av-equal-height-column-flextable.av-4wrkp0-ba749090f3cbfb147d66f24780675028{\nmargin-top:0px;\nmargin-bottom:0px;\n}\n.flex_column.av-4wrkp0-ba749090f3cbfb147d66f24780675028{\npadding:0 0 0 0;\n}\n<\/style>\n<div  class='flex_column av-4wrkp0-ba749090f3cbfb147d66f24780675028 av_one_full  avia-builder-el-4  el_after_av_one_full  el_before_av_three_fourth  first flex_column_table_cell av-equal-height-column av-align-top av-zero-column-padding  column-top-margin'     ><\/div><\/div><!--close column table wrapper. Autoclose: 1 --><div class='flex_column_table av-5gv07n-3959cd70526d5ddc440c67db34fee8dc sc-av_three_fourth av-equal-height-column-flextable'>\n<style type=\"text\/css\" data-created_by=\"avia_inline_auto\" id=\"style-css-av-5gv07n-3959cd70526d5ddc440c67db34fee8dc\">\n#top .flex_column_table.av-equal-height-column-flextable.av-5gv07n-3959cd70526d5ddc440c67db34fee8dc{\nmargin-top:0px;\nmargin-bottom:0px;\n}\n<\/style>\n<div  class='flex_column av-5gv07n-3959cd70526d5ddc440c67db34fee8dc av_three_fourth  avia-builder-el-6  el_after_av_one_full  el_before_av_one_fourth  first flex_column_table_cell av-equal-height-column av-align-middle  column-top-margin'     ><section  class='av_textblock_section av-lgchlqbc-eb612d6fad7a54ff8379a82a67e21463 '   itemscope=\"itemscope\" itemtype=\"https:\/\/schema.org\/CreativeWork\" ><div class='avia_textblock'  itemprop=\"text\" ><p><em>*F\u00f3rmula Escapada se dirige \u00fanicamente a la clientela Business. Podr\u00e1 solicitarle una tarjeta profesional. Esta f\u00f3rmula para 1 persona incluye 1 noche, 1 cena con un proveedor externo y 1 desayuno.<\/em><\/p>\n<p><strong>NO SE ADMITEN ANIMALES EN EL HOTEL<\/strong><\/p>\n<\/div><\/section><\/div><div class='av-flex-placeholder'><\/div>\n<style type=\"text\/css\" data-created_by=\"avia_inline_auto\" id=\"style-css-av-3usdv7-e9f7fdeb0c94f2e6e68ed0ee27ea48b7\">\n#top .flex_column_table.av-equal-height-column-flextable.av-3usdv7-e9f7fdeb0c94f2e6e68ed0ee27ea48b7{\nmargin-top:0px;\nmargin-bottom:0px;\n}\n<\/style>\n<div  class='flex_column av-3usdv7-e9f7fdeb0c94f2e6e68ed0ee27ea48b7 av_one_fourth  avia-builder-el-8  el_after_av_three_fourth  el_before_av_one_full  flex_column_table_cell av-equal-height-column av-align-middle  column-top-margin'     ><p><div  class='avia-button-wrap av-lgdh3bwg-c29e77db82df1ef19db26084a7e1c680-wrap avia-button-right  avia-builder-el-9  el_before_av_button  avia-builder-el-first '><a href='https:\/\/abbys-hotel.com\/conditions-generales-de-vente'  class='avia-button av-lgdh3bwg-c29e77db82df1ef19db26084a7e1c680 av-link-btn avia-icon_select-yes-left-icon avia-size-small avia-position-right av-small-hide av-mini-hide avia-color-theme-color'   aria-label=\"Condiciones generales de venta\u2026 \"><span class='avia_button_icon avia_button_icon_left avia-iconfont avia-font-entypo-fontello' data-av_icon='\ue832' data-av_iconfont='entypo-fontello' ><\/span><span class='avia_iconbox_title' >Condiciones generales de venta\u2026 <\/span><\/a><\/div><br \/>\n<div  class='avia-button-wrap av-lgdi3ygp-76cf1746476bd1ae8e7ac6eb21622e92-wrap avia-button-center  avia-builder-el-10  el_after_av_button  avia-builder-el-last '><a href='https:\/\/abbys-hotel.com\/conditions-generales-de-vente'  class='avia-button av-lgdi3ygp-76cf1746476bd1ae8e7ac6eb21622e92 av-link-btn avia-icon_select-yes-left-icon avia-size-small avia-position-center av-desktop-hide av-medium-hide avia-color-theme-color'   aria-label=\"Condiciones generales de venta\u2026 \"><span class='avia_button_icon avia_button_icon_left avia-iconfont avia-font-entypo-fontello' data-av_icon='\ue832' data-av_iconfont='entypo-fontello' ><\/span><span class='avia_iconbox_title' >Condiciones generales de venta\u2026 <\/span><\/a><\/div><\/p><\/div><\/div><!--close column table wrapper. Autoclose: 1 -->\n<style type=\"text\/css\" data-created_by=\"avia_inline_auto\" id=\"style-css-av-2g9jgz-770c0dcf617e4b8b8b779d8b566525a7\">\n#top .flex_column.av-2g9jgz-770c0dcf617e4b8b8b779d8b566525a7{\nmargin-top:0px;\nmargin-bottom:0px;\n}\n.responsive #top #wrap_all .flex_column.av-2g9jgz-770c0dcf617e4b8b8b779d8b566525a7{\nmargin-top:0px;\nmargin-bottom:0px;\n}\n<\/style>\n<div  class='flex_column av-2g9jgz-770c0dcf617e4b8b8b779d8b566525a7 av_one_full  avia-builder-el-11  el_after_av_one_fourth  avia-builder-el-last  first flex_column_div  column-top-margin'     ><p>\n<style type=\"text\/css\" data-created_by=\"avia_inline_auto\" id=\"style-css-av-lgdh7h1e-7effdae2f064d1877c3f2fd4c928abfc\">\n#top .hr.hr-invisible.av-lgdh7h1e-7effdae2f064d1877c3f2fd4c928abfc{\nheight:10px;\n}\n<\/style>\n<div  class='hr av-lgdh7h1e-7effdae2f064d1877c3f2fd4c928abfc hr-invisible  avia-builder-el-12  el_before_av_button_big  avia-builder-el-no-sibling '><span class='hr-inner '><span class=\"hr-inner-style\"><\/span><\/span><\/div><br \/>\n<div  class='avia-button-wrap avia-button-center  avia-builder-el-13  el_after_av_hr  avia-builder-el-last '>\n<style type=\"text\/css\" data-created_by=\"avia_inline_auto\" id=\"style-css-av-lgcf603b-d77ed4d840b16ee7d215d67e0eb549c0\">\n#top #wrap_all .avia-button.av-lgcf603b-d77ed4d840b16ee7d215d67e0eb549c0{\nbackground-color:#ffdd00;\nborder-color:#ffdd00;\ncolor:#123648;\ntransition:all 0.4s ease-in-out;\n}\n#top #wrap_all .avia-button.av-lgcf603b-d77ed4d840b16ee7d215d67e0eb549c0:hover{\ncolor:white;\ntransition:all 0.4s ease-in-out;\n}\n#top #wrap_all .avia-button.av-lgcf603b-d77ed4d840b16ee7d215d67e0eb549c0 .avia-svg-icon svg:first-child{\nfill:#123648;\nstroke:#123648;\n}\n#top #wrap_all .avia-button.av-lgcf603b-d77ed4d840b16ee7d215d67e0eb549c0:hover .avia-svg-icon svg:first-child{\nfill:white;\nstroke:white;\n}\n<\/style>\n<a href='https:\/\/reservation.fasthotel.com\/fo\/booking\/76\/202671\/dates?specialMode=default&amp;langcode=es' class='avia-button avia-button-fullwidth av-lgcf603b-d77ed4d840b16ee7d215d67e0eb549c0 avia-icon_select-yes-left-icon avia-color-custom'   aria-label=\"\u00a1Reserve en l\u00ednea!\"><span class='avia_button_icon avia_button_icon_left avia-iconfont avia-font-entypo-fontello' data-av_icon='\ue832' data-av_iconfont='entypo-fontello' ><\/span><span class='avia_iconbox_title' >\u00a1Reserve en l\u00ednea!<\/span><span class='avia_button_background avia-button avia-button-fullwidth avia-color-theme-color-highlight'><\/span><\/a><\/div><\/p><\/div><\/div><\/div><\/main><!-- close content main element --><\/div><\/div><div id='after_section_1'  class='main_color av_default_container_wrap container_wrap sidebar_right'  ><div class='container av-section-cont-open' ><div class='template-page content  av-content-small alpha units'><div class='post-entry post-entry-type-page post-entry-1560'><div class='entry-content-wrapper clearfix'>\n","protected":false},"excerpt":{"rendered":"","protected":false},"author":1,"featured_media":0,"parent":0,"menu_order":0,"comment_status":"closed","ping_status":"closed","template":"","meta":{"footnotes":""},"class_list":["post-1560","page","type-page","status-publish","hentry"],"yoast_head":"<!-- This site is optimized with the Yoast SEO plugin v27.4 - https:\/\/yoast.com\/product\/yoast-seo-wordpress\/ -->\n<title>Precios - Abbys H\u00f4tel Sarlat<\/title>\n<meta name=\"robots\" content=\"index, follow, max-snippet:-1, max-image-preview:large, max-video-preview:-1\" \/>\n<link rel=\"canonical\" href=\"https:\/\/abbys-hotel.com\/es\/precios\/\" \/>\n<meta property=\"og:locale\" content=\"es_ES\" \/>\n<meta property=\"og:type\" content=\"article\" \/>\n<meta property=\"og:title\" content=\"Precios - Abbys H\u00f4tel Sarlat\" \/>\n<meta property=\"og:url\" content=\"https:\/\/abbys-hotel.com\/es\/precios\/\" \/>\n<meta property=\"og:site_name\" content=\"Abbys H\u00f4tel Sarlat\" \/>\n<meta property=\"article:modified_time\" content=\"2025-12-11T10:28:41+00:00\" \/>\n<meta name=\"twitter:card\" content=\"summary_large_image\" \/>\n<meta name=\"twitter:label1\" content=\"Tiempo de lectura\" \/>\n\t<meta name=\"twitter:data1\" content=\"1 minuto\" \/>\n<script type=\"application\/ld+json\" class=\"yoast-schema-graph\">{\"@context\":\"https:\\\/\\\/schema.org\",\"@graph\":[{\"@type\":\"WebPage\",\"@id\":\"https:\\\/\\\/abbys-hotel.com\\\/es\\\/precios\\\/\",\"url\":\"https:\\\/\\\/abbys-hotel.com\\\/es\\\/precios\\\/\",\"name\":\"Precios - Abbys H\u00f4tel Sarlat\",\"isPartOf\":{\"@id\":\"https:\\\/\\\/abbys-hotel.com\\\/#website\"},\"datePublished\":\"2023-04-11T15:06:56+00:00\",\"dateModified\":\"2025-12-11T10:28:41+00:00\",\"breadcrumb\":{\"@id\":\"https:\\\/\\\/abbys-hotel.com\\\/es\\\/precios\\\/#breadcrumb\"},\"inLanguage\":\"es\",\"potentialAction\":[{\"@type\":\"ReadAction\",\"target\":[\"https:\\\/\\\/abbys-hotel.com\\\/es\\\/precios\\\/\"]}]},{\"@type\":\"BreadcrumbList\",\"@id\":\"https:\\\/\\\/abbys-hotel.com\\\/es\\\/precios\\\/#breadcrumb\",\"itemListElement\":[{\"@type\":\"ListItem\",\"position\":1,\"name\":\"Accueil\",\"item\":\"https:\\\/\\\/abbys-hotel.com\\\/es\\\/\"},{\"@type\":\"ListItem\",\"position\":2,\"name\":\"Precios\"}]},{\"@type\":\"WebSite\",\"@id\":\"https:\\\/\\\/abbys-hotel.com\\\/#website\",\"url\":\"https:\\\/\\\/abbys-hotel.com\\\/\",\"name\":\"Abbys H\u00f4tel Sarlat\",\"description\":\"Un site utilisant WordPress\",\"potentialAction\":[{\"@type\":\"SearchAction\",\"target\":{\"@type\":\"EntryPoint\",\"urlTemplate\":\"https:\\\/\\\/abbys-hotel.com\\\/?s={search_term_string}\"},\"query-input\":{\"@type\":\"PropertyValueSpecification\",\"valueRequired\":true,\"valueName\":\"search_term_string\"}}],\"inLanguage\":\"es\"}]}<\/script>\n<!-- \/ Yoast SEO plugin. -->","yoast_head_json":{"title":"Precios - Abbys H\u00f4tel Sarlat","robots":{"index":"index","follow":"follow","max-snippet":"max-snippet:-1","max-image-preview":"max-image-preview:large","max-video-preview":"max-video-preview:-1"},"canonical":"https:\/\/abbys-hotel.com\/es\/precios\/","og_locale":"es_ES","og_type":"article","og_title":"Precios - Abbys H\u00f4tel Sarlat","og_url":"https:\/\/abbys-hotel.com\/es\/precios\/","og_site_name":"Abbys H\u00f4tel Sarlat","article_modified_time":"2025-12-11T10:28:41+00:00","twitter_card":"summary_large_image","twitter_misc":{"Tiempo de lectura":"1 minuto"},"schema":{"@context":"https:\/\/schema.org","@graph":[{"@type":"WebPage","@id":"https:\/\/abbys-hotel.com\/es\/precios\/","url":"https:\/\/abbys-hotel.com\/es\/precios\/","name":"Precios - Abbys H\u00f4tel Sarlat","isPartOf":{"@id":"https:\/\/abbys-hotel.com\/#website"},"datePublished":"2023-04-11T15:06:56+00:00","dateModified":"2025-12-11T10:28:41+00:00","breadcrumb":{"@id":"https:\/\/abbys-hotel.com\/es\/precios\/#breadcrumb"},"inLanguage":"es","potentialAction":[{"@type":"ReadAction","target":["https:\/\/abbys-hotel.com\/es\/precios\/"]}]},{"@type":"BreadcrumbList","@id":"https:\/\/abbys-hotel.com\/es\/precios\/#breadcrumb","itemListElement":[{"@type":"ListItem","position":1,"name":"Accueil","item":"https:\/\/abbys-hotel.com\/es\/"},{"@type":"ListItem","position":2,"name":"Precios"}]},{"@type":"WebSite","@id":"https:\/\/abbys-hotel.com\/#website","url":"https:\/\/abbys-hotel.com\/","name":"Abbys H\u00f4tel Sarlat","description":"Un site utilisant WordPress","potentialAction":[{"@type":"SearchAction","target":{"@type":"EntryPoint","urlTemplate":"https:\/\/abbys-hotel.com\/?s={search_term_string}"},"query-input":{"@type":"PropertyValueSpecification","valueRequired":true,"valueName":"search_term_string"}}],"inLanguage":"es"}]}},"_links":{"self":[{"href":"https:\/\/abbys-hotel.com\/es\/wp-json\/wp\/v2\/pages\/1560","targetHints":{"allow":["GET"]}}],"collection":[{"href":"https:\/\/abbys-hotel.com\/es\/wp-json\/wp\/v2\/pages"}],"about":[{"href":"https:\/\/abbys-hotel.com\/es\/wp-json\/wp\/v2\/types\/page"}],"author":[{"embeddable":true,"href":"https:\/\/abbys-hotel.com\/es\/wp-json\/wp\/v2\/users\/1"}],"replies":[{"embeddable":true,"href":"https:\/\/abbys-hotel.com\/es\/wp-json\/wp\/v2\/comments?post=1560"}],"version-history":[{"count":0,"href":"https:\/\/abbys-hotel.com\/es\/wp-json\/wp\/v2\/pages\/1560\/revisions"}],"wp:attachment":[{"href":"https:\/\/abbys-hotel.com\/es\/wp-json\/wp\/v2\/media?parent=1560"}],"curies":[{"name":"wp","href":"https:\/\/api.w.org\/{rel}","templated":true}]}}